{"id":29,"date":"2022-11-29T13:34:10","date_gmt":"2022-11-29T13:34:10","guid":{"rendered":"https:\/\/safranopalace.ro\/?page_id=29"},"modified":"2024-04-06T19:10:39","modified_gmt":"2024-04-06T19:10:39","slug":"contact","status":"publish","type":"page","link":"https:\/\/safranopalace.ro\/en\/contact\/","title":{"rendered":"Contact Us"},"content":{"rendered":"<div data-elementor-type=\"wp-page\" data-elementor-id=\"29\" class=\"elementor elementor-29\" data-elementor-post-type=\"page\">\n\t\t\t\t<div class=\"elementor-element elementor-element-3e5f227 e-con-full e-flex e-con e-parent\" data-id=\"3e5f227\" data-element_type=\"container\" data-e-type=\"container\" data-settings=\"{&quot;background_background&quot;:&quot;classic&quot;}\">\n\t\t\t\t<div class=\"elementor-element elementor-element-4752ef89 elementor-widget elementor-widget-heading\" data-id=\"4752ef89\" data-element_type=\"widget\" data-e-type=\"widget\" data-widget_type=\"heading.default\">\n\t\t\t\t<div class=\"elementor-widget-container\">\n\t\t\t\t\t<h2 class=\"elementor-heading-title elementor-size-default\">Contact Us<\/h2>\t\t\t\t<\/div>\n\t\t\t\t<\/div>\n\t\t\t\t<div class=\"elementor-element elementor-element-4bf1caab elementor-widget elementor-widget-image\" data-id=\"4bf1caab\" data-element_type=\"widget\" data-e-type=\"widget\" data-widget_type=\"image.default\">\n\t\t\t\t<div class=\"elementor-widget-container\">\n\t\t\t\t\t\t\t\t\t\t\t\t\t\t\t<img decoding=\"async\" width=\"428\" height=\"47\" src=\"https:\/\/safranopalace.ro\/wp-content\/uploads\/2024\/04\/Divider-Safrano.png\" class=\"attachment-large size-large wp-image-100\" alt=\"\" srcset=\"https:\/\/safranopalace.ro\/wp-content\/uploads\/2024\/04\/Divider-Safrano.png 428w, https:\/\/safranopalace.ro\/wp-content\/uploads\/2024\/04\/Divider-Safrano-300x33.png 300w\" sizes=\"(max-width: 428px) 100vw, 428px\" \/>\t\t\t\t\t\t\t\t\t\t\t\t\t\t\t<\/div>\n\t\t\t\t<\/div>\n\t\t\t\t<\/div>\n\t\t\t\t<section class=\"elementor-section elementor-top-section elementor-element elementor-element-cced614 elementor-section-height-min-height elementor-section-content-middle elementor-section-boxed elementor-section-height-default elementor-section-items-middle\" data-id=\"cced614\" data-element_type=\"section\" data-e-type=\"section\">\n\t\t\t\t\t\t<div class=\"elementor-container elementor-column-gap-default\">\n\t\t\t\t\t<div class=\"elementor-column elementor-col-100 elementor-top-column elementor-element elementor-element-76a9c96\" data-id=\"76a9c96\" data-element_type=\"column\" data-e-type=\"column\">\n\t\t\t<div class=\"elementor-widget-wrap elementor-element-populated\">\n\t\t\t\t\t\t<div class=\"elementor-element elementor-element-45ef51e elementor-widget__width-initial elementor-widget elementor-widget-text-editor\" data-id=\"45ef51e\" data-element_type=\"widget\" data-e-type=\"widget\" data-widget_type=\"text-editor.default\">\n\t\t\t\t<div class=\"elementor-widget-container\">\n\t\t\t\t\t\t\t\t\t<p>If you would like more information or would like to send us suggestions or complaints, please contact us via the contact form or the contact details below.<\/p>\t\t\t\t\t\t\t\t<\/div>\n\t\t\t\t<\/div>\n\t\t\t\t\t<\/div>\n\t\t<\/div>\n\t\t\t\t\t<\/div>\n\t\t<\/section>\n\t\t<div class=\"elementor-element elementor-element-82aa2ab e-flex e-con-boxed e-con e-parent\" data-id=\"82aa2ab\" data-element_type=\"container\" data-e-type=\"container\">\n\t\t\t\t\t<div class=\"e-con-inner\">\n\t\t\t\t<div class=\"elementor-element elementor-element-28b42b4 elementor-widget elementor-widget-shortcode\" data-id=\"28b42b4\" data-element_type=\"widget\" data-e-type=\"widget\" data-widget_type=\"shortcode.default\">\n\t\t\t\t<div class=\"elementor-widget-container\">\n\t\t\t\t\t\t\t<div class=\"elementor-shortcode\">\n<div class=\"wpcf7 no-js\" id=\"wpcf7-f63-o1\" lang=\"ro-RO\" dir=\"ltr\" data-wpcf7-id=\"63\">\n<div class=\"screen-reader-response\"><p role=\"status\" aria-live=\"polite\" aria-atomic=\"true\"><\/p> <ul><\/ul><\/div>\n<form action=\"\/en\/wp-json\/wp\/v2\/pages\/29#wpcf7-f63-o1\" method=\"post\" class=\"wpcf7-form init\" aria-label=\"Formular de contact\" novalidate=\"novalidate\" data-status=\"init\" data-trp-original-action=\"\/en\/wp-json\/wp\/v2\/pages\/29#wpcf7-f63-o1\">\n<fieldset class=\"hidden-fields-container\"><input type=\"hidden\" name=\"_wpcf7\" value=\"63\" \/><input type=\"hidden\" name=\"_wpcf7_version\" value=\"6.1.5\" \/><input type=\"hidden\" name=\"_wpcf7_locale\" value=\"ro_RO\" \/><input type=\"hidden\" name=\"_wpcf7_unit_tag\" value=\"wpcf7-f63-o1\" \/><input type=\"hidden\" name=\"_wpcf7_container_post\" value=\"0\" \/><input type=\"hidden\" name=\"_wpcf7_posted_data_hash\" value=\"\" \/>\n<\/fieldset>\n<p><label> Subject<br \/>\n<span class=\"wpcf7-form-control-wrap\" data-name=\"your-subject\"><input size=\"40\" maxlength=\"400\" class=\"wpcf7-form-control wpcf7-text\" aria-invalid=\"false\" value=\"\" type=\"text\" name=\"your-subject\" \/><\/span> <\/label>\n<\/p>\n<p><label> Full Name (required)<br \/>\n<span class=\"wpcf7-form-control-wrap\" data-name=\"your-name\"><input size=\"40\" maxlength=\"400\" class=\"wpcf7-form-control wpcf7-text wpcf7-validates-as-required\" aria-required=\"true\" aria-invalid=\"false\" value=\"\" type=\"text\" name=\"your-name\" \/><\/span> <\/label>\n<\/p>\n<p><label> E-mail (required)<br \/>\n<span class=\"wpcf7-form-control-wrap\" data-name=\"your-email\"><input size=\"40\" maxlength=\"400\" class=\"wpcf7-form-control wpcf7-email wpcf7-validates-as-required wpcf7-text wpcf7-validates-as-email\" aria-required=\"true\" aria-invalid=\"false\" value=\"\" type=\"email\" name=\"your-email\" \/><\/span> <\/label>\n<\/p>\n<p><label> Message<br \/>\n<span class=\"wpcf7-form-control-wrap\" data-name=\"your-message\"><textarea cols=\"40\" rows=\"10\" maxlength=\"2000\" class=\"wpcf7-form-control wpcf7-textarea\" aria-invalid=\"false\" name=\"your-message\"><\/textarea><\/span> <\/label>\n<\/p>\n<p><input class=\"wpcf7-form-control wpcf7-submit has-spinner\" type=\"submit\" value=\"Send\" \/>\n<\/p><div class=\"wpcf7-response-output\" aria-hidden=\"true\"><\/div>\n<input type=\"hidden\" name=\"trp-form-language\" value=\"en\"\/><\/form>\n<\/div>\n<\/div>\n\t\t\t\t\t\t<\/div>\n\t\t\t\t<\/div>\n\t\t\t\t\t<\/div>\n\t\t\t\t<\/div>\n\t\t\t\t<section class=\"elementor-section elementor-top-section elementor-element elementor-element-262c7a8 elementor-section-height-min-height elementor-section-content-middle elementor-section-boxed elementor-section-height-default elementor-section-items-middle\" data-id=\"262c7a8\" data-element_type=\"section\" data-e-type=\"section\">\n\t\t\t\t\t\t<div class=\"elementor-container elementor-column-gap-default\">\n\t\t\t\t\t<div class=\"elementor-column elementor-col-100 elementor-top-column elementor-element elementor-element-9951e8c\" data-id=\"9951e8c\" data-element_type=\"column\" data-e-type=\"column\">\n\t\t\t<div class=\"elementor-widget-wrap elementor-element-populated\">\n\t\t\t\t\t\t<div class=\"elementor-element elementor-element-522fe5d elementor-widget__width-initial elementor-widget elementor-widget-text-editor\" data-id=\"522fe5d\" data-element_type=\"widget\" data-e-type=\"widget\" data-widget_type=\"text-editor.default\">\n\t\t\t\t<div class=\"elementor-widget-container\">\n\t\t\t\t\t\t\t\t\t<p>By submitting the data in the form above, you agree to the <span style=\"color: #d7b46a;\"><a style=\"color: #d7b46a;\" href=\"https:\/\/safranopalace.ro\/en\/termeni-si-conditii\/\">\"Terms and conditions\"<\/a><\/span> and <span style=\"color: #d7b46a;\"><a style=\"color: #d7b46a;\" href=\"https:\/\/safranopalace.ro\/en\/politica-de-cookie\/\">Privacy policy<\/a> <\/span>on our website.<\/p>\t\t\t\t\t\t\t\t<\/div>\n\t\t\t\t<\/div>\n\t\t\t\t\t<\/div>\n\t\t<\/div>\n\t\t\t\t\t<\/div>\n\t\t<\/section>\n\t\t\t\t<\/div>","protected":false},"excerpt":{"rendered":"<p>Contact Dac\u0103 dori\u021bi mai multe informa\u021bii sau dori\u021bi s\u0103 ne transmite\u021bi sugestii sau sesiz\u0103ri, v\u0103 rog s\u0103 ne contacta\u021bi prin formularul de contact sau prin datele de contact de mai jos. Trimiterea datelor din formularul de mai sus exprima faptul c\u0103 sunte\u021bi de acord cu &#8222;Termenii \u0219i condi\u021biile&#8221; \u0219i &#8222;Politica de confiden\u021bialitate&#8221; de pe site-ul [&hellip;]<\/p>\n","protected":false},"author":1,"featured_media":0,"parent":0,"menu_order":0,"comment_status":"closed","ping_status":"closed","template":"elementor_header_footer","meta":{"footnotes":""},"class_list":["post-29","page","type-page","status-publish","hentry"],"yoast_head":"<!-- This site is optimized with the Yoast SEO plugin v27.5 - https:\/\/yoast.com\/product\/yoast-seo-wordpress\/ -->\n<title>Contact - Safrano Palace<\/title>\n<meta name=\"robots\" content=\"index, follow, max-snippet:-1, max-image-preview:large, max-video-preview:-1\" \/>\n<link rel=\"canonical\" href=\"https:\/\/safranopalace.ro\/en\/contact\/\" \/>\n<meta property=\"og:locale\" content=\"en_GB\" \/>\n<meta property=\"og:type\" content=\"article\" \/>\n<meta property=\"og:title\" content=\"Contact - Safrano Palace\" \/>\n<meta property=\"og:description\" content=\"Contact Dac\u0103 dori\u021bi mai multe informa\u021bii sau dori\u021bi s\u0103 ne transmite\u021bi sugestii sau sesiz\u0103ri, v\u0103 rog s\u0103 ne contacta\u021bi prin formularul de contact sau prin datele de contact de mai jos. Trimiterea datelor din formularul de mai sus exprima faptul c\u0103 sunte\u021bi de acord cu &#8222;Termenii \u0219i condi\u021biile&#8221; \u0219i &#8222;Politica de confiden\u021bialitate&#8221; de pe site-ul [&hellip;]\" \/>\n<meta property=\"og:url\" content=\"https:\/\/safranopalace.ro\/en\/contact\/\" \/>\n<meta property=\"og:site_name\" content=\"Safrano Palace\" \/>\n<meta property=\"article:publisher\" content=\"https:\/\/www.facebook.com\/safranopalace.ro\/\" \/>\n<meta property=\"article:modified_time\" content=\"2024-04-06T19:10:39+00:00\" \/>\n<meta property=\"og:image\" content=\"https:\/\/safranopalace.ro\/wp-content\/uploads\/2024\/04\/Divider-Safrano.png\" \/>\n<meta name=\"twitter:card\" content=\"summary_large_image\" \/>\n<meta name=\"twitter:label1\" content=\"Estimated reading time\" \/>\n\t<meta name=\"twitter:data1\" content=\"1 minute\" \/>\n<script type=\"application\/ld+json\" class=\"yoast-schema-graph\">{\"@context\":\"https:\\\/\\\/schema.org\",\"@graph\":[{\"@type\":\"WebPage\",\"@id\":\"https:\\\/\\\/safranopalace.ro\\\/contact\\\/\",\"url\":\"https:\\\/\\\/safranopalace.ro\\\/contact\\\/\",\"name\":\"Contact - Safrano Palace\",\"isPartOf\":{\"@id\":\"https:\\\/\\\/safranopalace.ro\\\/#website\"},\"primaryImageOfPage\":{\"@id\":\"https:\\\/\\\/safranopalace.ro\\\/contact\\\/#primaryimage\"},\"image\":{\"@id\":\"https:\\\/\\\/safranopalace.ro\\\/contact\\\/#primaryimage\"},\"thumbnailUrl\":\"https:\\\/\\\/safranopalace.ro\\\/wp-content\\\/uploads\\\/2024\\\/04\\\/Divider-Safrano.png\",\"datePublished\":\"2022-11-29T13:34:10+00:00\",\"dateModified\":\"2024-04-06T19:10:39+00:00\",\"breadcrumb\":{\"@id\":\"https:\\\/\\\/safranopalace.ro\\\/contact\\\/#breadcrumb\"},\"inLanguage\":\"en-GB\",\"potentialAction\":[{\"@type\":\"ReadAction\",\"target\":[\"https:\\\/\\\/safranopalace.ro\\\/contact\\\/\"]}]},{\"@type\":\"ImageObject\",\"inLanguage\":\"en-GB\",\"@id\":\"https:\\\/\\\/safranopalace.ro\\\/contact\\\/#primaryimage\",\"url\":\"https:\\\/\\\/safranopalace.ro\\\/wp-content\\\/uploads\\\/2024\\\/04\\\/Divider-Safrano.png\",\"contentUrl\":\"https:\\\/\\\/safranopalace.ro\\\/wp-content\\\/uploads\\\/2024\\\/04\\\/Divider-Safrano.png\"},{\"@type\":\"BreadcrumbList\",\"@id\":\"https:\\\/\\\/safranopalace.ro\\\/contact\\\/#breadcrumb\",\"itemListElement\":[{\"@type\":\"ListItem\",\"position\":1,\"name\":\"Home\",\"item\":\"https:\\\/\\\/safranopalace.ro\\\/\"},{\"@type\":\"ListItem\",\"position\":2,\"name\":\"Contact\"}]},{\"@type\":\"WebSite\",\"@id\":\"https:\\\/\\\/safranopalace.ro\\\/#website\",\"url\":\"https:\\\/\\\/safranopalace.ro\\\/\",\"name\":\"Safrano Palace Brasov\",\"description\":\"Accommodation Bra\u0219ov\",\"publisher\":{\"@id\":\"https:\\\/\\\/safranopalace.ro\\\/#organization\"},\"potentialAction\":[{\"@type\":\"SearchAction\",\"target\":{\"@type\":\"EntryPoint\",\"urlTemplate\":\"https:\\\/\\\/safranopalace.ro\\\/?s={search_term_string}\"},\"query-input\":{\"@type\":\"PropertyValueSpecification\",\"valueRequired\":true,\"valueName\":\"search_term_string\"}}],\"inLanguage\":\"en-GB\"},{\"@type\":\"Organization\",\"@id\":\"https:\\\/\\\/safranopalace.ro\\\/#organization\",\"name\":\"Safrano Palace Brasov\",\"url\":\"https:\\\/\\\/safranopalace.ro\\\/\",\"logo\":{\"@type\":\"ImageObject\",\"inLanguage\":\"en-GB\",\"@id\":\"https:\\\/\\\/safranopalace.ro\\\/#\\\/schema\\\/logo\\\/image\\\/\",\"url\":\"https:\\\/\\\/safranopalace.ro\\\/wp-content\\\/uploads\\\/2024\\\/04\\\/Sigla-Safrano-Palace-site.webp\",\"contentUrl\":\"https:\\\/\\\/safranopalace.ro\\\/wp-content\\\/uploads\\\/2024\\\/04\\\/Sigla-Safrano-Palace-site.webp\",\"width\":392,\"height\":161,\"caption\":\"Safrano Palace Brasov\"},\"image\":{\"@id\":\"https:\\\/\\\/safranopalace.ro\\\/#\\\/schema\\\/logo\\\/image\\\/\"},\"sameAs\":[\"https:\\\/\\\/www.facebook.com\\\/safranopalace.ro\\\/\",\"https:\\\/\\\/www.instagram.com\\\/safrano.palace\\\/\"]}]}<\/script>\n<!-- \/ Yoast SEO plugin. -->","yoast_head_json":{"title":"Contact - Safrano Palace","robots":{"index":"index","follow":"follow","max-snippet":"max-snippet:-1","max-image-preview":"max-image-preview:large","max-video-preview":"max-video-preview:-1"},"canonical":"https:\/\/safranopalace.ro\/en\/contact\/","og_locale":"en_GB","og_type":"article","og_title":"Contact - Safrano Palace","og_description":"Contact Dac\u0103 dori\u021bi mai multe informa\u021bii sau dori\u021bi s\u0103 ne transmite\u021bi sugestii sau sesiz\u0103ri, v\u0103 rog s\u0103 ne contacta\u021bi prin formularul de contact sau prin datele de contact de mai jos. Trimiterea datelor din formularul de mai sus exprima faptul c\u0103 sunte\u021bi de acord cu &#8222;Termenii \u0219i condi\u021biile&#8221; \u0219i &#8222;Politica de confiden\u021bialitate&#8221; de pe site-ul [&hellip;]","og_url":"https:\/\/safranopalace.ro\/en\/contact\/","og_site_name":"Safrano Palace","article_publisher":"https:\/\/www.facebook.com\/safranopalace.ro\/","article_modified_time":"2024-04-06T19:10:39+00:00","og_image":[{"url":"https:\/\/safranopalace.ro\/wp-content\/uploads\/2024\/04\/Divider-Safrano.png","type":"","width":"","height":""}],"twitter_card":"summary_large_image","twitter_misc":{"Estimated reading time":"1 minute"},"schema":{"@context":"https:\/\/schema.org","@graph":[{"@type":"WebPage","@id":"https:\/\/safranopalace.ro\/contact\/","url":"https:\/\/safranopalace.ro\/contact\/","name":"Contact - Safrano Palace","isPartOf":{"@id":"https:\/\/safranopalace.ro\/#website"},"primaryImageOfPage":{"@id":"https:\/\/safranopalace.ro\/contact\/#primaryimage"},"image":{"@id":"https:\/\/safranopalace.ro\/contact\/#primaryimage"},"thumbnailUrl":"https:\/\/safranopalace.ro\/wp-content\/uploads\/2024\/04\/Divider-Safrano.png","datePublished":"2022-11-29T13:34:10+00:00","dateModified":"2024-04-06T19:10:39+00:00","breadcrumb":{"@id":"https:\/\/safranopalace.ro\/contact\/#breadcrumb"},"inLanguage":"en-GB","potentialAction":[{"@type":"ReadAction","target":["https:\/\/safranopalace.ro\/contact\/"]}]},{"@type":"ImageObject","inLanguage":"en-GB","@id":"https:\/\/safranopalace.ro\/contact\/#primaryimage","url":"https:\/\/safranopalace.ro\/wp-content\/uploads\/2024\/04\/Divider-Safrano.png","contentUrl":"https:\/\/safranopalace.ro\/wp-content\/uploads\/2024\/04\/Divider-Safrano.png"},{"@type":"BreadcrumbList","@id":"https:\/\/safranopalace.ro\/contact\/#breadcrumb","itemListElement":[{"@type":"ListItem","position":1,"name":"Home","item":"https:\/\/safranopalace.ro\/"},{"@type":"ListItem","position":2,"name":"Contact"}]},{"@type":"WebSite","@id":"https:\/\/safranopalace.ro\/#website","url":"https:\/\/safranopalace.ro\/","name":"Safrano Palace Brasov","description":"Accommodation Bra\u0219ov","publisher":{"@id":"https:\/\/safranopalace.ro\/#organization"},"potentialAction":[{"@type":"SearchAction","target":{"@type":"EntryPoint","urlTemplate":"https:\/\/safranopalace.ro\/?s={search_term_string}"},"query-input":{"@type":"PropertyValueSpecification","valueRequired":true,"valueName":"search_term_string"}}],"inLanguage":"en-GB"},{"@type":"Organization","@id":"https:\/\/safranopalace.ro\/#organization","name":"Safrano Palace Brasov","url":"https:\/\/safranopalace.ro\/","logo":{"@type":"ImageObject","inLanguage":"en-GB","@id":"https:\/\/safranopalace.ro\/#\/schema\/logo\/image\/","url":"https:\/\/safranopalace.ro\/wp-content\/uploads\/2024\/04\/Sigla-Safrano-Palace-site.webp","contentUrl":"https:\/\/safranopalace.ro\/wp-content\/uploads\/2024\/04\/Sigla-Safrano-Palace-site.webp","width":392,"height":161,"caption":"Safrano Palace Brasov"},"image":{"@id":"https:\/\/safranopalace.ro\/#\/schema\/logo\/image\/"},"sameAs":["https:\/\/www.facebook.com\/safranopalace.ro\/","https:\/\/www.instagram.com\/safrano.palace\/"]}]}},"_links":{"self":[{"href":"https:\/\/safranopalace.ro\/en\/wp-json\/wp\/v2\/pages\/29","targetHints":{"allow":["GET"]}}],"collection":[{"href":"https:\/\/safranopalace.ro\/en\/wp-json\/wp\/v2\/pages"}],"about":[{"href":"https:\/\/safranopalace.ro\/en\/wp-json\/wp\/v2\/types\/page"}],"author":[{"embeddable":true,"href":"https:\/\/safranopalace.ro\/en\/wp-json\/wp\/v2\/users\/1"}],"replies":[{"embeddable":true,"href":"https:\/\/safranopalace.ro\/en\/wp-json\/wp\/v2\/comments?post=29"}],"version-history":[{"count":18,"href":"https:\/\/safranopalace.ro\/en\/wp-json\/wp\/v2\/pages\/29\/revisions"}],"predecessor-version":[{"id":883,"href":"https:\/\/safranopalace.ro\/en\/wp-json\/wp\/v2\/pages\/29\/revisions\/883"}],"wp:attachment":[{"href":"https:\/\/safranopalace.ro\/en\/wp-json\/wp\/v2\/media?parent=29"}],"curies":[{"name":"wp","href":"https:\/\/api.w.org\/{rel}","templated":true}]}}