{"id":55,"date":"2022-11-29T13:48:35","date_gmt":"2022-11-29T13:48:35","guid":{"rendered":"https:\/\/safranopalace.ro\/?page_id=55"},"modified":"2026-05-05T14:09:41","modified_gmt":"2026-05-05T14:09:41","slug":"termeni-si-conditii","status":"publish","type":"page","link":"https:\/\/safranopalace.ro\/en\/termeni-si-conditii\/","title":{"rendered":"Termeni si conditii"},"content":{"rendered":"<div data-elementor-type=\"wp-page\" data-elementor-id=\"55\" class=\"elementor elementor-55\" data-elementor-post-type=\"page\">\n\t\t\t\t<div class=\"elementor-element elementor-element-496dbb2e e-con-full e-flex e-con e-parent\" data-id=\"496dbb2e\" data-element_type=\"container\" data-e-type=\"container\" data-settings=\"{&quot;background_background&quot;:&quot;classic&quot;}\">\n\t\t\t\t<div class=\"elementor-element elementor-element-47e5c578 elementor-widget elementor-widget-heading\" data-id=\"47e5c578\" data-element_type=\"widget\" data-e-type=\"widget\" data-widget_type=\"heading.default\">\n\t\t\t\t<div class=\"elementor-widget-container\">\n\t\t\t\t\t<h2 class=\"elementor-heading-title elementor-size-default\">Terms and conditions<\/h2>\t\t\t\t<\/div>\n\t\t\t\t<\/div>\n\t\t\t\t<div class=\"elementor-element elementor-element-3cf96f1c elementor-widget elementor-widget-image\" data-id=\"3cf96f1c\" data-element_type=\"widget\" data-e-type=\"widget\" data-widget_type=\"image.default\">\n\t\t\t\t<div class=\"elementor-widget-container\">\n\t\t\t\t\t\t\t\t\t\t\t\t\t\t\t<img decoding=\"async\" width=\"428\" height=\"47\" src=\"https:\/\/safranopalace.ro\/wp-content\/uploads\/2024\/04\/Divider-Safrano.png\" class=\"attachment-large size-large wp-image-100\" alt=\"\" srcset=\"https:\/\/safranopalace.ro\/wp-content\/uploads\/2024\/04\/Divider-Safrano.png 428w, https:\/\/safranopalace.ro\/wp-content\/uploads\/2024\/04\/Divider-Safrano-300x33.png 300w\" sizes=\"(max-width: 428px) 100vw, 428px\" \/>\t\t\t\t\t\t\t\t\t\t\t\t\t\t\t<\/div>\n\t\t\t\t<\/div>\n\t\t\t\t<\/div>\n\t\t<div class=\"elementor-element elementor-element-645ec19c e-flex e-con-boxed e-con e-parent\" data-id=\"645ec19c\" data-element_type=\"container\" data-e-type=\"container\">\n\t\t\t\t\t<div class=\"e-con-inner\">\n\t\t<div class=\"elementor-element elementor-element-d93c264 e-flex e-con-boxed e-con e-child\" data-id=\"d93c264\" data-element_type=\"container\" data-e-type=\"container\">\n\t\t\t\t\t<div class=\"e-con-inner\">\n\t\t\t\t<div class=\"elementor-element elementor-element-512730f8 elementor-widget elementor-widget-text-editor\" data-id=\"512730f8\" data-element_type=\"widget\" data-e-type=\"widget\" data-widget_type=\"text-editor.default\">\n\t\t\t\t<div class=\"elementor-widget-container\">\n\t\t\t\t\t\t\t\t\t<p><strong>Flexible - 7 days<\/strong><br style=\"font-weight: 400;\"><span style=\"font-weight: 400;\">The guest can cancel free of charge until 7 days before arrival. The guest will be charged the first night if they cancel in the 7 days before arrival.<\/span><br style=\"font-weight: 400;\"><span style=\"font-weight: 400;\">The guest will be charged a prepayment of the first night after reservation.<br><\/span><br style=\"font-weight: 400;\"><strong>Non-refundable<\/strong><br style=\"font-weight: 400;\"><span style=\"font-weight: 400;\">The guest will be charged the total price if they cancel anytime.<\/span><br style=\"font-weight: 400;\"><span style=\"font-weight: 400;\">The guest will be charged a prepayment of the total price anytime.<br><\/span><br style=\"font-weight: 400;\"><strong>Cribs<\/strong><br style=\"font-weight: 400;\"><span style=\"font-weight: 400;\">Children 3 and under stay for free when using an available crib.<\/span><\/p>\n<p><br style=\"font-weight: 400;\"><b>Extra beds<br><\/b><span style=\"font-weight: 400;\">No extra beds are available.<br><\/span><br style=\"font-weight: 400;\"><strong>Internet<\/strong><br style=\"font-weight: 400;\"><span style=\"font-weight: 400;\">WiFi is available in all areas and is free of charge.<br><\/span><br style=\"font-weight: 400;\"><strong>Parking<\/strong><br style=\"font-weight: 400;\"><span style=\"font-weight: 400;\">Parcarea este cu plat\u0103, costa 50 lei\/loc de parcare\/zi hotelier\u0103<br>Parcarea este privat\u0103, este situat\u0103 la adresa str. Constantin Br\u00e2ncoveanu nr. 10 \u0219i este necesar s\u0103 face\u021bi rezervare \u00een avans dat fiind num\u0103rul limitat de locuri. Distan\u021ba p\u00e2n\u0103 la parcare este de 500 m.<\/span><\/p>\n<p><strong>Pets<\/strong><br style=\"font-weight: 400;\"><span style=\"font-weight: 400;\">Pets are not allowed.<br><\/span><br style=\"font-weight: 400;\"><strong>Check-in &amp; Check-out Times<\/strong><br style=\"font-weight: 400;\"><span style=\"font-weight: 400;\">Check-in from 3:00 PM to 12:00 AM<\/span><br style=\"font-weight: 400;\"><span style=\"font-weight: 400;\">Check-out from 6:00 AM to 11:30 AM<br><\/span><br style=\"font-weight: 400;\"><strong>Age Limit<\/strong><br style=\"font-weight: 400;\"><span style=\"font-weight: 400;\">Minimum Age: 18<\/span><br style=\"font-weight: 400;\"><span style=\"font-weight: 400;\">Maximum Age: No age limit<\/span><\/p>\n<p style=\"font-weight: 400;\"><b><strong>Reservation policy.<\/strong><\/b><\/p>\n<p><strong>Flexibil &#8211; 5 zile<\/strong><\/p>\n<p>Oaspetele poate anula gratuit p\u00e2n\u0103 la 5 zile \u00eenainte de sosire. Oaspetelui i se va percepe contravaloarea primei nop\u021bi de cazare dac\u0103 anuleaz\u0103 cu 5 zile \u00eenainte de sosire.<\/p>\n<p>Pentru a garanta rezervarea, oaspetele va primi un link de plat\u0103 pentru prima noapte de cazare. Neefectuarea pl\u0103\u021bii va duce la anularea automat\u0103 a rezerv\u0103rii. <br><br>PENTRU PLATILE CU CARD DE VACANTA NU SE POT REZERVA CAMERE CU TARIFE PE POLITICA FLEXIBILA.<\/p>\n<p style=\"font-weight: 400;\"><b><strong>Non-refundable<\/strong><\/b><\/p>\n<p style=\"font-weight: 400;\">The guest will be charged the full price of the reservation if they cancel.<br>The customer will be charged the full price of the reservation in advance at any time.<\/p>\n<p>ONLY ROOMS WITH NON-REFUNDABLE POLICY RATES CAN BE RESERVED FOR PAYMENTS WITH HOLIDAY CARD!<\/p>\n<p>Pentru pl\u0103\u021bile prin virament TERMENUL DE PLAT\u0102 ESTE DE 48 orede la primirea proformei!<\/p>\n<p><strong>SAFRANO PALACE SRL<\/strong><br>CUI: 47631580<br>Nr. \u00cenmatriculare: J08\/458\/2023<br>Str. Pia\u021ba Sfatului nr. 23, Bra\u0219ov, Rom\u00e2nia<br>Tel: 0720 933 555<br>e-mail: contact@safranopalace.ro<\/p>\t\t\t\t\t\t\t\t<\/div>\n\t\t\t\t<\/div>\n\t\t\t\t\t<\/div>\n\t\t\t\t<\/div>\n\t\t\t\t\t<\/div>\n\t\t\t\t<\/div>\n\t\t\t\t<section class=\"elementor-section elementor-top-section elementor-element elementor-element-59283b elementor-section-content-middle elementor-section-boxed elementor-section-height-default elementor-section-height-default\" data-id=\"59283b\" data-element_type=\"section\" data-e-type=\"section\" data-settings=\"{&quot;background_background&quot;:&quot;classic&quot;}\">\n\t\t\t\t\t\t<div class=\"elementor-container elementor-column-gap-default\">\n\t\t\t\t\t<div class=\"elementor-column elementor-col-50 elementor-top-column elementor-element elementor-element-3ed2a38c\" data-id=\"3ed2a38c\" data-element_type=\"column\" data-e-type=\"column\">\n\t\t\t<div class=\"elementor-widget-wrap elementor-element-populated\">\n\t\t\t\t\t\t<div class=\"elementor-element elementor-element-2655a218 elementor-widget elementor-widget-heading\" data-id=\"2655a218\" data-element_type=\"widget\" data-e-type=\"widget\" data-widget_type=\"heading.default\">\n\t\t\t\t<div class=\"elementor-widget-container\">\n\t\t\t\t\t<h2 class=\"elementor-heading-title elementor-size-default\">We accept payment <br>with holiday vouchers:<\/h2>\t\t\t\t<\/div>\n\t\t\t\t<\/div>\n\t\t\t\t\t<\/div>\n\t\t<\/div>\n\t\t\t\t<div class=\"elementor-column elementor-col-50 elementor-top-column elementor-element elementor-element-7d2bb6f9\" data-id=\"7d2bb6f9\" data-element_type=\"column\" data-e-type=\"column\">\n\t\t\t<div class=\"elementor-widget-wrap elementor-element-populated\">\n\t\t\t\t\t\t<div class=\"elementor-element elementor-element-313aab51 elementor-widget elementor-widget-image\" data-id=\"313aab51\" data-element_type=\"widget\" data-e-type=\"widget\" data-widget_type=\"image.default\">\n\t\t\t\t<div class=\"elementor-widget-container\">\n\t\t\t\t\t\t\t\t\t\t\t\t\t\t\t<img fetchpriority=\"high\" decoding=\"async\" width=\"800\" height=\"157\" src=\"https:\/\/safranopalace.ro\/wp-content\/uploads\/2024\/04\/Plata-carduri-de-vacanta-cazare-safrano-palace-brasov-1024x201.webp\" class=\"attachment-large size-large wp-image-126\" alt=\"\" srcset=\"https:\/\/safranopalace.ro\/wp-content\/uploads\/2024\/04\/Plata-carduri-de-vacanta-cazare-safrano-palace-brasov-1024x201.webp 1024w, https:\/\/safranopalace.ro\/wp-content\/uploads\/2024\/04\/Plata-carduri-de-vacanta-cazare-safrano-palace-brasov-300x59.webp 300w, https:\/\/safranopalace.ro\/wp-content\/uploads\/2024\/04\/Plata-carduri-de-vacanta-cazare-safrano-palace-brasov-768x151.webp 768w, https:\/\/safranopalace.ro\/wp-content\/uploads\/2024\/04\/Plata-carduri-de-vacanta-cazare-safrano-palace-brasov-1536x302.webp 1536w, https:\/\/safranopalace.ro\/wp-content\/uploads\/2024\/04\/Plata-carduri-de-vacanta-cazare-safrano-palace-brasov-2048x402.webp 2048w\" sizes=\"(max-width: 800px) 100vw, 800px\" \/>\t\t\t\t\t\t\t\t\t\t\t\t\t\t\t<\/div>\n\t\t\t\t<\/div>\n\t\t\t\t\t<\/div>\n\t\t<\/div>\n\t\t\t\t\t<\/div>\n\t\t<\/section>\n\t\t\t\t<\/div>","protected":false},"excerpt":{"rendered":"<p>Termeni \u0219i condi\u021bii Flexibil &#8211; 7 zileClientul poate s\u0103 anuleze gratuit cu p\u00e2n\u0103 la 7 zile \u00eenaintea sosirii. Clientului i se va \u00eencasa prima noapte dac\u0103 anuleaz\u0103 \u00een cele 7 zile \u00eenaintea sosirii.Clientului i se va \u00eencasa \u00een avans prima noapte dup\u0103 rezervare.NerambursabilClientului i se va \u00eencasa pre\u021bul total dac\u0103 anuleaz\u0103 oric\u00e2nd.Clientului i se va [&hellip;]<\/p>\n","protected":false},"author":1,"featured_media":0,"parent":0,"menu_order":0,"comment_status":"closed","ping_status":"closed","template":"elementor_header_footer","meta":{"footnotes":""},"class_list":["post-55","page","type-page","status-publish","hentry"],"yoast_head":"<!-- This site is optimized with the Yoast SEO plugin v27.5 - https:\/\/yoast.com\/product\/yoast-seo-wordpress\/ -->\n<title>Termeni si conditii - Safrano Palace<\/title>\n<meta name=\"robots\" content=\"index, follow, max-snippet:-1, max-image-preview:large, max-video-preview:-1\" \/>\n<link rel=\"canonical\" href=\"https:\/\/safranopalace.ro\/en\/termeni-si-conditii\/\" \/>\n<meta property=\"og:locale\" content=\"en_GB\" \/>\n<meta property=\"og:type\" content=\"article\" \/>\n<meta property=\"og:title\" content=\"Termeni si conditii - Safrano Palace\" \/>\n<meta property=\"og:description\" content=\"Termeni \u0219i condi\u021bii Flexibil &#8211; 7 zileClientul poate s\u0103 anuleze gratuit cu p\u00e2n\u0103 la 7 zile \u00eenaintea sosirii. Clientului i se va \u00eencasa prima noapte dac\u0103 anuleaz\u0103 \u00een cele 7 zile \u00eenaintea sosirii.Clientului i se va \u00eencasa \u00een avans prima noapte dup\u0103 rezervare.NerambursabilClientului i se va \u00eencasa pre\u021bul total dac\u0103 anuleaz\u0103 oric\u00e2nd.Clientului i se va [&hellip;]\" \/>\n<meta property=\"og:url\" content=\"https:\/\/safranopalace.ro\/en\/termeni-si-conditii\/\" \/>\n<meta property=\"og:site_name\" content=\"Safrano Palace\" \/>\n<meta property=\"article:publisher\" content=\"https:\/\/www.facebook.com\/safranopalace.ro\/\" \/>\n<meta property=\"article:modified_time\" content=\"2026-05-05T14:09:41+00:00\" \/>\n<meta property=\"og:image\" content=\"https:\/\/safranopalace.ro\/wp-content\/uploads\/2024\/04\/Divider-Safrano.png\" \/>\n\t<meta property=\"og:image:width\" content=\"428\" \/>\n\t<meta property=\"og:image:height\" content=\"47\" \/>\n\t<meta property=\"og:image:type\" content=\"image\/png\" \/>\n<meta name=\"twitter:card\" content=\"summary_large_image\" \/>\n<meta name=\"twitter:label1\" content=\"Estimated reading time\" \/>\n\t<meta name=\"twitter:data1\" content=\"3 minutes\" \/>\n<script type=\"application\/ld+json\" class=\"yoast-schema-graph\">{\"@context\":\"https:\\\/\\\/schema.org\",\"@graph\":[{\"@type\":\"WebPage\",\"@id\":\"https:\\\/\\\/safranopalace.ro\\\/termeni-si-conditii\\\/\",\"url\":\"https:\\\/\\\/safranopalace.ro\\\/termeni-si-conditii\\\/\",\"name\":\"Termeni si conditii - Safrano Palace\",\"isPartOf\":{\"@id\":\"https:\\\/\\\/safranopalace.ro\\\/#website\"},\"primaryImageOfPage\":{\"@id\":\"https:\\\/\\\/safranopalace.ro\\\/termeni-si-conditii\\\/#primaryimage\"},\"image\":{\"@id\":\"https:\\\/\\\/safranopalace.ro\\\/termeni-si-conditii\\\/#primaryimage\"},\"thumbnailUrl\":\"https:\\\/\\\/safranopalace.ro\\\/wp-content\\\/uploads\\\/2024\\\/04\\\/Divider-Safrano.png\",\"datePublished\":\"2022-11-29T13:48:35+00:00\",\"dateModified\":\"2026-05-05T14:09:41+00:00\",\"breadcrumb\":{\"@id\":\"https:\\\/\\\/safranopalace.ro\\\/termeni-si-conditii\\\/#breadcrumb\"},\"inLanguage\":\"en-GB\",\"potentialAction\":[{\"@type\":\"ReadAction\",\"target\":[\"https:\\\/\\\/safranopalace.ro\\\/termeni-si-conditii\\\/\"]}]},{\"@type\":\"ImageObject\",\"inLanguage\":\"en-GB\",\"@id\":\"https:\\\/\\\/safranopalace.ro\\\/termeni-si-conditii\\\/#primaryimage\",\"url\":\"https:\\\/\\\/safranopalace.ro\\\/wp-content\\\/uploads\\\/2024\\\/04\\\/Divider-Safrano.png\",\"contentUrl\":\"https:\\\/\\\/safranopalace.ro\\\/wp-content\\\/uploads\\\/2024\\\/04\\\/Divider-Safrano.png\"},{\"@type\":\"BreadcrumbList\",\"@id\":\"https:\\\/\\\/safranopalace.ro\\\/termeni-si-conditii\\\/#breadcrumb\",\"itemListElement\":[{\"@type\":\"ListItem\",\"position\":1,\"name\":\"Home\",\"item\":\"https:\\\/\\\/safranopalace.ro\\\/\"},{\"@type\":\"ListItem\",\"position\":2,\"name\":\"Termeni si conditii\"}]},{\"@type\":\"WebSite\",\"@id\":\"https:\\\/\\\/safranopalace.ro\\\/#website\",\"url\":\"https:\\\/\\\/safranopalace.ro\\\/\",\"name\":\"Safrano Palace Brasov\",\"description\":\"Accommodation Bra\u0219ov\",\"publisher\":{\"@id\":\"https:\\\/\\\/safranopalace.ro\\\/#organization\"},\"potentialAction\":[{\"@type\":\"SearchAction\",\"target\":{\"@type\":\"EntryPoint\",\"urlTemplate\":\"https:\\\/\\\/safranopalace.ro\\\/?s={search_term_string}\"},\"query-input\":{\"@type\":\"PropertyValueSpecification\",\"valueRequired\":true,\"valueName\":\"search_term_string\"}}],\"inLanguage\":\"en-GB\"},{\"@type\":\"Organization\",\"@id\":\"https:\\\/\\\/safranopalace.ro\\\/#organization\",\"name\":\"Safrano Palace Brasov\",\"url\":\"https:\\\/\\\/safranopalace.ro\\\/\",\"logo\":{\"@type\":\"ImageObject\",\"inLanguage\":\"en-GB\",\"@id\":\"https:\\\/\\\/safranopalace.ro\\\/#\\\/schema\\\/logo\\\/image\\\/\",\"url\":\"https:\\\/\\\/safranopalace.ro\\\/wp-content\\\/uploads\\\/2024\\\/04\\\/Sigla-Safrano-Palace-site.webp\",\"contentUrl\":\"https:\\\/\\\/safranopalace.ro\\\/wp-content\\\/uploads\\\/2024\\\/04\\\/Sigla-Safrano-Palace-site.webp\",\"width\":392,\"height\":161,\"caption\":\"Safrano Palace Brasov\"},\"image\":{\"@id\":\"https:\\\/\\\/safranopalace.ro\\\/#\\\/schema\\\/logo\\\/image\\\/\"},\"sameAs\":[\"https:\\\/\\\/www.facebook.com\\\/safranopalace.ro\\\/\",\"https:\\\/\\\/www.instagram.com\\\/safrano.palace\\\/\"]}]}<\/script>\n<!-- \/ Yoast SEO plugin. -->","yoast_head_json":{"title":"Termeni si conditii - Safrano Palace","robots":{"index":"index","follow":"follow","max-snippet":"max-snippet:-1","max-image-preview":"max-image-preview:large","max-video-preview":"max-video-preview:-1"},"canonical":"https:\/\/safranopalace.ro\/en\/termeni-si-conditii\/","og_locale":"en_GB","og_type":"article","og_title":"Termeni si conditii - Safrano Palace","og_description":"Termeni \u0219i condi\u021bii Flexibil &#8211; 7 zileClientul poate s\u0103 anuleze gratuit cu p\u00e2n\u0103 la 7 zile \u00eenaintea sosirii. Clientului i se va \u00eencasa prima noapte dac\u0103 anuleaz\u0103 \u00een cele 7 zile \u00eenaintea sosirii.Clientului i se va \u00eencasa \u00een avans prima noapte dup\u0103 rezervare.NerambursabilClientului i se va \u00eencasa pre\u021bul total dac\u0103 anuleaz\u0103 oric\u00e2nd.Clientului i se va [&hellip;]","og_url":"https:\/\/safranopalace.ro\/en\/termeni-si-conditii\/","og_site_name":"Safrano Palace","article_publisher":"https:\/\/www.facebook.com\/safranopalace.ro\/","article_modified_time":"2026-05-05T14:09:41+00:00","og_image":[{"width":428,"height":47,"url":"https:\/\/safranopalace.ro\/wp-content\/uploads\/2024\/04\/Divider-Safrano.png","type":"image\/png"}],"twitter_card":"summary_large_image","twitter_misc":{"Estimated reading time":"3 minutes"},"schema":{"@context":"https:\/\/schema.org","@graph":[{"@type":"WebPage","@id":"https:\/\/safranopalace.ro\/termeni-si-conditii\/","url":"https:\/\/safranopalace.ro\/termeni-si-conditii\/","name":"Termeni si conditii - Safrano Palace","isPartOf":{"@id":"https:\/\/safranopalace.ro\/#website"},"primaryImageOfPage":{"@id":"https:\/\/safranopalace.ro\/termeni-si-conditii\/#primaryimage"},"image":{"@id":"https:\/\/safranopalace.ro\/termeni-si-conditii\/#primaryimage"},"thumbnailUrl":"https:\/\/safranopalace.ro\/wp-content\/uploads\/2024\/04\/Divider-Safrano.png","datePublished":"2022-11-29T13:48:35+00:00","dateModified":"2026-05-05T14:09:41+00:00","breadcrumb":{"@id":"https:\/\/safranopalace.ro\/termeni-si-conditii\/#breadcrumb"},"inLanguage":"en-GB","potentialAction":[{"@type":"ReadAction","target":["https:\/\/safranopalace.ro\/termeni-si-conditii\/"]}]},{"@type":"ImageObject","inLanguage":"en-GB","@id":"https:\/\/safranopalace.ro\/termeni-si-conditii\/#primaryimage","url":"https:\/\/safranopalace.ro\/wp-content\/uploads\/2024\/04\/Divider-Safrano.png","contentUrl":"https:\/\/safranopalace.ro\/wp-content\/uploads\/2024\/04\/Divider-Safrano.png"},{"@type":"BreadcrumbList","@id":"https:\/\/safranopalace.ro\/termeni-si-conditii\/#breadcrumb","itemListElement":[{"@type":"ListItem","position":1,"name":"Home","item":"https:\/\/safranopalace.ro\/"},{"@type":"ListItem","position":2,"name":"Termeni si conditii"}]},{"@type":"WebSite","@id":"https:\/\/safranopalace.ro\/#website","url":"https:\/\/safranopalace.ro\/","name":"Safrano Palace Brasov","description":"Accommodation Bra\u0219ov","publisher":{"@id":"https:\/\/safranopalace.ro\/#organization"},"potentialAction":[{"@type":"SearchAction","target":{"@type":"EntryPoint","urlTemplate":"https:\/\/safranopalace.ro\/?s={search_term_string}"},"query-input":{"@type":"PropertyValueSpecification","valueRequired":true,"valueName":"search_term_string"}}],"inLanguage":"en-GB"},{"@type":"Organization","@id":"https:\/\/safranopalace.ro\/#organization","name":"Safrano Palace Brasov","url":"https:\/\/safranopalace.ro\/","logo":{"@type":"ImageObject","inLanguage":"en-GB","@id":"https:\/\/safranopalace.ro\/#\/schema\/logo\/image\/","url":"https:\/\/safranopalace.ro\/wp-content\/uploads\/2024\/04\/Sigla-Safrano-Palace-site.webp","contentUrl":"https:\/\/safranopalace.ro\/wp-content\/uploads\/2024\/04\/Sigla-Safrano-Palace-site.webp","width":392,"height":161,"caption":"Safrano Palace Brasov"},"image":{"@id":"https:\/\/safranopalace.ro\/#\/schema\/logo\/image\/"},"sameAs":["https:\/\/www.facebook.com\/safranopalace.ro\/","https:\/\/www.instagram.com\/safrano.palace\/"]}]}},"_links":{"self":[{"href":"https:\/\/safranopalace.ro\/en\/wp-json\/wp\/v2\/pages\/55","targetHints":{"allow":["GET"]}}],"collection":[{"href":"https:\/\/safranopalace.ro\/en\/wp-json\/wp\/v2\/pages"}],"about":[{"href":"https:\/\/safranopalace.ro\/en\/wp-json\/wp\/v2\/types\/page"}],"author":[{"embeddable":true,"href":"https:\/\/safranopalace.ro\/en\/wp-json\/wp\/v2\/users\/1"}],"replies":[{"embeddable":true,"href":"https:\/\/safranopalace.ro\/en\/wp-json\/wp\/v2\/comments?post=55"}],"version-history":[{"count":31,"href":"https:\/\/safranopalace.ro\/en\/wp-json\/wp\/v2\/pages\/55\/revisions"}],"predecessor-version":[{"id":1720,"href":"https:\/\/safranopalace.ro\/en\/wp-json\/wp\/v2\/pages\/55\/revisions\/1720"}],"wp:attachment":[{"href":"https:\/\/safranopalace.ro\/en\/wp-json\/wp\/v2\/media?parent=55"}],"curies":[{"name":"wp","href":"https:\/\/api.w.org\/{rel}","templated":true}]}}